{"id":219,"date":"2020-05-07T09:04:39","date_gmt":"2020-05-07T09:04:39","guid":{"rendered":"https:\/\/bridge360.qodeinteractive.com\/?page_id=219"},"modified":"2026-01-23T21:51:53","modified_gmt":"2026-01-23T20:51:53","slug":"recetas","status":"publish","type":"page","link":"https:\/\/frissie.com\/en\/recetas\/","title":{"rendered":"Recipes"},"content":{"rendered":"<div data-elementor-type=\"wp-page\" data-elementor-id=\"219\" class=\"elementor elementor-219\">\n\t\t\t\t\t\t<section class=\"elementor-section elementor-top-section elementor-element elementor-element-ba6f9f3 elementor-section-full_width elementor-section-height-default elementor-section-height-default parallax_section_no qode_elementor_container_no elementor-invisible\" data-id=\"ba6f9f3\" data-element_type=\"section\" data-settings=\"{&quot;background_background&quot;:&quot;classic&quot;,&quot;animation&quot;:&quot;fadeInRight&quot;}\">\n\t\t\t\t\t\t<div class=\"elementor-container elementor-column-gap-no\">\n\t\t\t\t\t<div class=\"elementor-column elementor-col-100 elementor-top-column elementor-element elementor-element-2590206\" data-id=\"2590206\" data-element_type=\"column\">\n\t\t\t<div class=\"elementor-widget-wrap\">\n\t\t\t\t\t\t\t<\/div>\n\t\t<\/div>\n\t\t\t\t\t<\/div>\n\t\t<\/section>\n\t\t\t\t<section class=\"elementor-section elementor-top-section elementor-element elementor-element-15f71440 elementor-section-full_width elementor-section-height-default elementor-section-height-default parallax_section_no qode_elementor_container_no\" data-id=\"15f71440\" data-element_type=\"section\" data-settings=\"{&quot;background_background&quot;:&quot;classic&quot;}\">\n\t\t\t\t\t\t<div class=\"elementor-container elementor-column-gap-no\">\n\t\t\t\t\t<div class=\"elementor-column elementor-col-100 elementor-top-column elementor-element elementor-element-7eefa4e0\" data-id=\"7eefa4e0\" data-element_type=\"column\">\n\t\t\t<div class=\"elementor-widget-wrap elementor-element-populated\">\n\t\t\t\t\t\t<section class=\"elementor-section elementor-inner-section elementor-element elementor-element-17bdc81d qode_elementor_container_inner elementor-section-boxed elementor-section-height-default elementor-section-height-default parallax_section_no\" data-id=\"17bdc81d\" data-element_type=\"section\">\n\t\t\t\t\t\t<div class=\"elementor-container elementor-column-gap-no\">\n\t\t\t\t\t<div class=\"elementor-column elementor-col-100 elementor-inner-column elementor-element elementor-element-f4a0b17\" data-id=\"f4a0b17\" data-element_type=\"column\">\n\t\t\t<div class=\"elementor-widget-wrap elementor-element-populated\">\n\t\t\t\t\t\t<div class=\"elementor-element elementor-element-648ff1e7 elementor-widget__width-auto elementor-widget elementor-widget-image\" data-id=\"648ff1e7\" data-element_type=\"widget\" data-widget_type=\"image.default\">\n\t\t\t\t<div class=\"elementor-widget-container\">\n\t\t\t\t\t\t\t\t\t\t\t\t\t\t\t<img decoding=\"async\" width=\"37\" height=\"1\" src=\"https:\/\/frissie.com\/wp-content\/uploads\/2020\/05\/small-border.png\" class=\"attachment-full size-full wp-image-19\" alt=\"m\" \/>\t\t\t\t\t\t\t\t\t\t\t\t\t\t\t<\/div>\n\t\t\t\t<\/div>\n\t\t\t\t<div class=\"elementor-element elementor-element-19ed9c27 elementor-invisible elementor-widget elementor-widget-bridge_latest_posts\" data-id=\"19ed9c27\" data-element_type=\"widget\" data-settings=\"{&quot;_animation&quot;:&quot;slideInUp&quot;}\" data-widget_type=\"bridge_latest_posts.default\">\n\t\t\t\t<div class=\"elementor-widget-container\">\n\t\t\t\t\t\n<div class='latest_post_holder boxes three_columns five_rows' >\n    <ul>\n    \n        <li class=\"clearfix\">\n            <div class=\"boxes_image\">\n                                <a itemprop=\"url\" href=\"https:\/\/frissie.com\/en\/muesli-de-berries\/\"><img fetchpriority=\"high\" decoding=\"async\" width=\"1440\" height=\"924\" src=\"https:\/\/frissie.com\/wp-content\/uploads\/2024\/06\/MuesliDeBerries-1.jpg\" class=\"attachment-full size-full wp-post-image\" alt=\"\" \/><\/a>\n            <\/div>\n            <div class=\"latest_post\"  >\n                <div class=\"latest_post_text\">\n                    <div class=\"latest_post_inner\">\n                        <div class=\"latest_post_text_inner\">\n                            <h3 itemprop=\"name\" class=\"latest_post_title entry_title\"><a itemprop=\"url\" href=\"https:\/\/frissie.com\/en\/muesli-de-berries\/\">Berry Muesli<\/a><\/h3>\n                            \n                            <span class=\"post_infos\">\n                                                                                                \n                                \n                                                            <\/span>\n                        <\/div>\n                    <\/div>\n                <\/div>\n            <\/div>\n        <\/li>\n    \n        <li class=\"clearfix\">\n            <div class=\"boxes_image\">\n                                <a itemprop=\"url\" href=\"https:\/\/frissie.com\/en\/margarita-frozen-de-pina-con-chile-en-polvo\/\"><img decoding=\"async\" width=\"1440\" height=\"924\" src=\"https:\/\/frissie.com\/wp-content\/uploads\/2024\/06\/MargaritaFrozenPina01.jpg\" class=\"attachment-full size-full wp-post-image\" alt=\"\" \/><\/a>\n            <\/div>\n            <div class=\"latest_post\"  >\n                <div class=\"latest_post_text\">\n                    <div class=\"latest_post_inner\">\n                        <div class=\"latest_post_text_inner\">\n                            <h3 itemprop=\"name\" class=\"latest_post_title entry_title\"><a itemprop=\"url\" href=\"https:\/\/frissie.com\/en\/margarita-frozen-de-pina-con-chile-en-polvo\/\">Frozen Pineapple Margarita with Chili Powder<\/a><\/h3>\n                            \n                            <span class=\"post_infos\">\n                                                                                                \n                                \n                                                            <\/span>\n                        <\/div>\n                    <\/div>\n                <\/div>\n            <\/div>\n        <\/li>\n    \n        <li class=\"clearfix\">\n            <div class=\"boxes_image\">\n                                <a itemprop=\"url\" href=\"https:\/\/frissie.com\/en\/daiquiri-frutos-del-bosque\/\"><img loading=\"lazy\" decoding=\"async\" width=\"1440\" height=\"924\" src=\"https:\/\/frissie.com\/wp-content\/uploads\/2024\/06\/Daiquiri.jpg\" class=\"attachment-full size-full wp-post-image\" alt=\"\" \/><\/a>\n            <\/div>\n            <div class=\"latest_post\"  >\n                <div class=\"latest_post_text\">\n                    <div class=\"latest_post_inner\">\n                        <div class=\"latest_post_text_inner\">\n                            <h3 itemprop=\"name\" class=\"latest_post_title entry_title\"><a itemprop=\"url\" href=\"https:\/\/frissie.com\/en\/daiquiri-frutos-del-bosque\/\">Frutos del Bosque Daiquiri<\/a><\/h3>\n                            \n                            <span class=\"post_infos\">\n                                                                                                \n                                \n                                                            <\/span>\n                        <\/div>\n                    <\/div>\n                <\/div>\n            <\/div>\n        <\/li>\n    \n        <li class=\"clearfix\">\n            <div class=\"boxes_image\">\n                                <a itemprop=\"url\" href=\"https:\/\/frissie.com\/en\/blue-romero-tonic\/\"><img loading=\"lazy\" decoding=\"async\" width=\"1440\" height=\"924\" src=\"https:\/\/frissie.com\/wp-content\/uploads\/2024\/06\/BlueRomero.jpg\" class=\"attachment-full size-full wp-post-image\" alt=\"\" \/><\/a>\n            <\/div>\n            <div class=\"latest_post\"  >\n                <div class=\"latest_post_text\">\n                    <div class=\"latest_post_inner\">\n                        <div class=\"latest_post_text_inner\">\n                            <h3 itemprop=\"name\" class=\"latest_post_title entry_title\"><a itemprop=\"url\" href=\"https:\/\/frissie.com\/en\/blue-romero-tonic\/\">Blue Rosemary Tonic<\/a><\/h3>\n                            \n                            <span class=\"post_infos\">\n                                                                                                \n                                \n                                                            <\/span>\n                        <\/div>\n                    <\/div>\n                <\/div>\n            <\/div>\n        <\/li>\n    \n        <li class=\"clearfix\">\n            <div class=\"boxes_image\">\n                                <a itemprop=\"url\" href=\"https:\/\/frissie.com\/en\/pina-colada\/\"><img loading=\"lazy\" decoding=\"async\" width=\"1440\" height=\"924\" src=\"https:\/\/frissie.com\/wp-content\/uploads\/2024\/06\/PinaColada.jpg\" class=\"attachment-full size-full wp-post-image\" alt=\"\" \/><\/a>\n            <\/div>\n            <div class=\"latest_post\"  >\n                <div class=\"latest_post_text\">\n                    <div class=\"latest_post_inner\">\n                        <div class=\"latest_post_text_inner\">\n                            <h3 itemprop=\"name\" class=\"latest_post_title entry_title\"><a itemprop=\"url\" href=\"https:\/\/frissie.com\/en\/pina-colada\/\">Pi\u00f1a Colada<\/a><\/h3>\n                            \n                            <span class=\"post_infos\">\n                                                                                                \n                                \n                                                            <\/span>\n                        <\/div>\n                    <\/div>\n                <\/div>\n            <\/div>\n        <\/li>\n    \n        <li class=\"clearfix\">\n            <div class=\"boxes_image\">\n                                <a itemprop=\"url\" href=\"https:\/\/frissie.com\/en\/syrup-de-arandanos\/\"><img loading=\"lazy\" decoding=\"async\" width=\"1440\" height=\"924\" src=\"https:\/\/frissie.com\/wp-content\/uploads\/2024\/06\/SyrupArandanos.jpg\" class=\"attachment-full size-full wp-post-image\" alt=\"\" \/><\/a>\n            <\/div>\n            <div class=\"latest_post\"  >\n                <div class=\"latest_post_text\">\n                    <div class=\"latest_post_inner\">\n                        <div class=\"latest_post_text_inner\">\n                            <h3 itemprop=\"name\" class=\"latest_post_title entry_title\"><a itemprop=\"url\" href=\"https:\/\/frissie.com\/en\/syrup-de-arandanos\/\">Blueberry Syrup<\/a><\/h3>\n                            \n                            <span class=\"post_infos\">\n                                                                                                \n                                \n                                                            <\/span>\n                        <\/div>\n                    <\/div>\n                <\/div>\n            <\/div>\n        <\/li>\n    \n        <li class=\"clearfix\">\n            <div class=\"boxes_image\">\n                                <a itemprop=\"url\" href=\"https:\/\/frissie.com\/en\/tazon-de-quinoa-con-arandanos-y-almendras\/\"><img loading=\"lazy\" decoding=\"async\" width=\"1440\" height=\"924\" src=\"https:\/\/frissie.com\/wp-content\/uploads\/2024\/06\/TazonQuinoa.jpg\" class=\"attachment-full size-full wp-post-image\" alt=\"\" \/><\/a>\n            <\/div>\n            <div class=\"latest_post\"  >\n                <div class=\"latest_post_text\">\n                    <div class=\"latest_post_inner\">\n                        <div class=\"latest_post_text_inner\">\n                            <h3 itemprop=\"name\" class=\"latest_post_title entry_title\"><a itemprop=\"url\" href=\"https:\/\/frissie.com\/en\/tazon-de-quinoa-con-arandanos-y-almendras\/\">Quinoa Bowl with Blueberries and Almonds<\/a><\/h3>\n                            \n                            <span class=\"post_infos\">\n                                                                                                \n                                \n                                                            <\/span>\n                        <\/div>\n                    <\/div>\n                <\/div>\n            <\/div>\n        <\/li>\n    \n        <li class=\"clearfix\">\n            <div class=\"boxes_image\">\n                                <a itemprop=\"url\" href=\"https:\/\/frissie.com\/en\/smoothie-bowl-de-pina\/\"><img loading=\"lazy\" decoding=\"async\" width=\"1440\" height=\"924\" src=\"https:\/\/frissie.com\/wp-content\/uploads\/2024\/06\/SmoothieBowlPina.jpg\" class=\"attachment-full size-full wp-post-image\" alt=\"\" \/><\/a>\n            <\/div>\n            <div class=\"latest_post\"  >\n                <div class=\"latest_post_text\">\n                    <div class=\"latest_post_inner\">\n                        <div class=\"latest_post_text_inner\">\n                            <h3 itemprop=\"name\" class=\"latest_post_title entry_title\"><a itemprop=\"url\" href=\"https:\/\/frissie.com\/en\/smoothie-bowl-de-pina\/\">Pineapple Smoothie Bowl<\/a><\/h3>\n                            \n                            <span class=\"post_infos\">\n                                                                                                \n                                \n                                                            <\/span>\n                        <\/div>\n                    <\/div>\n                <\/div>\n            <\/div>\n        <\/li>\n    \n        <li class=\"clearfix\">\n            <div class=\"boxes_image\">\n                                <a itemprop=\"url\" href=\"https:\/\/frissie.com\/en\/vinagreta-de-frutos-rojos\/\"><img loading=\"lazy\" decoding=\"async\" width=\"1440\" height=\"924\" src=\"https:\/\/frissie.com\/wp-content\/uploads\/2024\/06\/VinagretaDeFrutosRojoss.jpg\" class=\"attachment-full size-full wp-post-image\" alt=\"\" \/><\/a>\n            <\/div>\n            <div class=\"latest_post\"  >\n                <div class=\"latest_post_text\">\n                    <div class=\"latest_post_inner\">\n                        <div class=\"latest_post_text_inner\">\n                            <h3 itemprop=\"name\" class=\"latest_post_title entry_title\"><a itemprop=\"url\" href=\"https:\/\/frissie.com\/en\/vinagreta-de-frutos-rojos\/\">Berries Vinaigrette<\/a><\/h3>\n                            \n                            <span class=\"post_infos\">\n                                                                                                \n                                \n                                                            <\/span>\n                        <\/div>\n                    <\/div>\n                <\/div>\n            <\/div>\n        <\/li>\n    \n        <li class=\"clearfix\">\n            <div class=\"boxes_image\">\n                                <a itemprop=\"url\" href=\"https:\/\/frissie.com\/en\/berry-jelly-love\/\"><img loading=\"lazy\" decoding=\"async\" width=\"1440\" height=\"924\" src=\"https:\/\/frissie.com\/wp-content\/uploads\/2024\/06\/BerryJellyLove.jpg\" class=\"attachment-full size-full wp-post-image\" alt=\"\" \/><\/a>\n            <\/div>\n            <div class=\"latest_post\"  >\n                <div class=\"latest_post_text\">\n                    <div class=\"latest_post_inner\">\n                        <div class=\"latest_post_text_inner\">\n                            <h3 itemprop=\"name\" class=\"latest_post_title entry_title\"><a itemprop=\"url\" href=\"https:\/\/frissie.com\/en\/berry-jelly-love\/\">Berry Jelly Love<\/a><\/h3>\n                            \n                            <span class=\"post_infos\">\n                                                                                                \n                                \n                                                            <\/span>\n                        <\/div>\n                    <\/div>\n                <\/div>\n            <\/div>\n        <\/li>\n        <\/ul>\n<\/div>\t\t\t\t<\/div>\n\t\t\t\t<\/div>\n\t\t\t\t\t<\/div>\n\t\t<\/div>\n\t\t\t\t\t<\/div>\n\t\t<\/section>\n\t\t\t\t\t<\/div>\n\t\t<\/div>\n\t\t\t\t\t<\/div>\n\t\t<\/section>\n\t\t\t\t<section class=\"elementor-section elementor-top-section elementor-element elementor-element-b418f39 elementor-section-full_width elementor-section-height-default elementor-section-height-default parallax_section_no qode_elementor_container_no elementor-invisible\" data-id=\"b418f39\" data-element_type=\"section\" data-settings=\"{&quot;background_background&quot;:&quot;classic&quot;,&quot;animation&quot;:&quot;fadeInLeft&quot;}\">\n\t\t\t\t\t\t<div class=\"elementor-container elementor-column-gap-no\">\n\t\t\t\t\t<div class=\"elementor-column elementor-col-100 elementor-top-column elementor-element elementor-element-1246882\" data-id=\"1246882\" data-element_type=\"column\">\n\t\t\t<div class=\"elementor-widget-wrap elementor-element-populated\">\n\t\t\t\t\t\t<div class=\"elementor-element elementor-element-b226c62 elementor-widget elementor-widget-text-editor\" data-id=\"b226c62\" data-element_type=\"widget\" data-widget_type=\"text-editor.default\">\n\t\t\t\t<div class=\"elementor-widget-container\">\n\t\t\t\t\t\t\t\t\t<img loading=\"lazy\" decoding=\"async\" class=\"size-full wp-image-320 aligncenter\" src=\"https:\/\/frissie.com\/wp-content\/uploads\/2024\/06\/Imagotipo-Principal-07.png\" alt=\"\" width=\"300\" height=\"72\" \/>\n<h4 style=\"text-align: center;\"><span style=\"color: #ffffff;\">Proudly Guatemalan<\/span><\/h4>\t\t\t\t\t\t\t\t<\/div>\n\t\t\t\t<\/div>\n\t\t\t\t\t<\/div>\n\t\t<\/div>\n\t\t\t\t\t<\/div>\n\t\t<\/section>\n\t\t<div class=\"elementor-element elementor-element-02f0020 e-grid e-con-boxed e-con e-parent\" data-id=\"02f0020\" data-element_type=\"container\">\n\t\t\t\t\t<div class=\"e-con-inner\">\n\t\t\t\t<div class=\"elementor-element elementor-element-304c3a5 elementor-position-top elementor-widget elementor-widget-image-box\" data-id=\"304c3a5\" data-element_type=\"widget\" data-widget_type=\"image-box.default\">\n\t\t\t\t<div class=\"elementor-widget-container\">\n\t\t\t\t\t<div class=\"elementor-image-box-wrapper\"><figure class=\"elementor-image-box-img\"><img loading=\"lazy\" decoding=\"async\" width=\"500\" height=\"500\" src=\"https:\/\/frissie.com\/wp-content\/uploads\/2024\/06\/IconoEnvios01.png\" class=\"elementor-animation-grow attachment-full size-full wp-image-346\" alt=\"\" \/><\/figure><div class=\"elementor-image-box-content\"><h3 class=\"elementor-image-box-title\">Delivery<\/h3><p class=\"elementor-image-box-description\">Delivery within the perimeter of the city.<\/p><\/div><\/div>\t\t\t\t<\/div>\n\t\t\t\t<\/div>\n\t\t\t\t<div class=\"elementor-element elementor-element-5127f8c elementor-position-top elementor-widget elementor-widget-image-box\" data-id=\"5127f8c\" data-element_type=\"widget\" data-widget_type=\"image-box.default\">\n\t\t\t\t<div class=\"elementor-widget-container\">\n\t\t\t\t\t<div class=\"elementor-image-box-wrapper\"><figure class=\"elementor-image-box-img\"><img loading=\"lazy\" decoding=\"async\" width=\"500\" height=\"500\" src=\"https:\/\/frissie.com\/wp-content\/uploads\/2024\/06\/IconoOfertas01.png\" class=\"elementor-animation-grow attachment-full size-full wp-image-347\" alt=\"\" \/><\/figure><div class=\"elementor-image-box-content\"><h3 class=\"elementor-image-box-title\">Seasonal Sales<\/h3><p class=\"elementor-image-box-description\">Find out about our sales by following us on our communication channels.<\/p><\/div><\/div>\t\t\t\t<\/div>\n\t\t\t\t<\/div>\n\t\t\t\t<div class=\"elementor-element elementor-element-b30ed5a elementor-position-top elementor-widget elementor-widget-image-box\" data-id=\"b30ed5a\" data-element_type=\"widget\" data-widget_type=\"image-box.default\">\n\t\t\t\t<div class=\"elementor-widget-container\">\n\t\t\t\t\t<div class=\"elementor-image-box-wrapper\"><figure class=\"elementor-image-box-img\"><img loading=\"lazy\" decoding=\"async\" width=\"500\" height=\"500\" src=\"https:\/\/frissie.com\/wp-content\/uploads\/2024\/06\/IconoTarjeta01.png\" class=\"elementor-animation-grow attachment-full size-full wp-image-348\" alt=\"\" \/><\/figure><div class=\"elementor-image-box-content\"><h3 class=\"elementor-image-box-title\">We Accept Credit Cards<\/h3><p class=\"elementor-image-box-description\">We accept cards from the banking system.<\/p><\/div><\/div>\t\t\t\t<\/div>\n\t\t\t\t<\/div>\n\t\t\t\t<div class=\"elementor-element elementor-element-c9872e5 elementor-position-top elementor-widget elementor-widget-image-box\" data-id=\"c9872e5\" data-element_type=\"widget\" data-widget_type=\"image-box.default\">\n\t\t\t\t<div class=\"elementor-widget-container\">\n\t\t\t\t\t<div class=\"elementor-image-box-wrapper\"><figure class=\"elementor-image-box-img\"><img loading=\"lazy\" decoding=\"async\" width=\"500\" height=\"500\" src=\"https:\/\/frissie.com\/wp-content\/uploads\/2024\/06\/IconoSeguridad01.png\" class=\"elementor-animation-grow attachment-full size-full wp-image-349\" alt=\"\" \/><\/figure><div class=\"elementor-image-box-content\"><h3 class=\"elementor-image-box-title\">Safe Shopping<\/h3><p class=\"elementor-image-box-description\">All your personal and financial data is protected from end to end.<\/p><\/div><\/div>\t\t\t\t<\/div>\n\t\t\t\t<\/div>\n\t\t\t\t\t<\/div>\n\t\t\t\t<\/div>\n\t\t\t\t<\/div>","protected":false},"excerpt":{"rendered":"<p>Muesli de Berries Margarita Frozen de Pi\u00f1a con Chile en Polvo Daiquir\u00ed Frutos del Bosque Blue Romero Tonic Pi\u00f1a Colada Syrup de Ar\u00e1ndanos Taz\u00f3n de Quinoa con Ar\u00e1ndanos y Almendras Smoothie Bowl de Pi\u00f1a Vinagreta de Frutos Rojos Berry Jelly Love Orgullosamente Guatemaltecos Delivery Delivery&#8230;<\/p>","protected":false},"author":1,"featured_media":0,"parent":0,"menu_order":0,"comment_status":"closed","ping_status":"closed","template":"full_width.php","meta":{"footnotes":""},"class_list":["post-219","page","type-page","status-publish","hentry"],"_links":{"self":[{"href":"https:\/\/frissie.com\/en\/wp-json\/wp\/v2\/pages\/219","targetHints":{"allow":["GET"]}}],"collection":[{"href":"https:\/\/frissie.com\/en\/wp-json\/wp\/v2\/pages"}],"about":[{"href":"https:\/\/frissie.com\/en\/wp-json\/wp\/v2\/types\/page"}],"author":[{"embeddable":true,"href":"https:\/\/frissie.com\/en\/wp-json\/wp\/v2\/users\/1"}],"replies":[{"embeddable":true,"href":"https:\/\/frissie.com\/en\/wp-json\/wp\/v2\/comments?post=219"}],"version-history":[{"count":13,"href":"https:\/\/frissie.com\/en\/wp-json\/wp\/v2\/pages\/219\/revisions"}],"predecessor-version":[{"id":756,"href":"https:\/\/frissie.com\/en\/wp-json\/wp\/v2\/pages\/219\/revisions\/756"}],"wp:attachment":[{"href":"https:\/\/frissie.com\/en\/wp-json\/wp\/v2\/media?parent=219"}],"curies":[{"name":"wp","href":"https:\/\/api.w.org\/{rel}","templated":true}]}}